{"id":997,"date":"2020-06-05T19:59:38","date_gmt":"2020-06-05T18:59:38","guid":{"rendered":"https:\/\/mnom.si\/\/employees\/"},"modified":"2026-03-18T08:19:14","modified_gmt":"2026-03-18T07:19:14","slug":"employees","status":"publish","type":"page","link":"https:\/\/mnom.si\/en\/employees\/","title":{"rendered":"Employees"},"content":{"rendered":"<div class=\"alignwide-wrap\" data-block=\"columns\">\n<div class=\"wp-block-columns alignwide\">\n<div class=\"wp-block-column\">\n<h2 class=\"wp-block-heading\">Employees and their contacts<\/h2>\n\n\n\n<div style=\"height:60px\" aria-hidden=\"true\" class=\"wp-block-spacer\"><\/div>\n<\/div>\n<\/div>\n<\/div>\n\n<div class=\"alignwide-wrap\" data-block=\"columns\">\n<div class=\"wp-block-columns alignwide\">\n<div class=\"wp-block-column\">\n<p><strong>Director<\/strong>: <br>Simona Tripkovi\u010d <br>simona.tripkovic@mnom.si <br>+386 (0)2 23 52 603  <\/p>\n\n\n\n<p><strong>Accounting<\/strong>: <br>Klementina Osterc, accountant <br>klementina.osterc@mnom.si <br>+386 (0)2 23 52 601<\/p>\n\n\n\n<p><strong>Professional Associates<\/strong>: <br>Andreja Bjelan, curator (assistant director)<br>andreja.bjelan@mnom.si <br>+386 (0)2 23 52 607 <br> <br>Uro\u0161 Dokl, curator educator <br>uros.dokl@mnom.si <br>+386 (0)2 23 52 602<\/p>\n\n\n\n<p>Carmen \u0160kali\u010dki, curatorial intern<br>miha.arih@mnom.si <br>+386 (0)2 23 52 602<\/p>\n\n\n\n<p>Domen Kodri\u010d, curatorial intern<br>domen.kodric@mnom.si<br>+386 (0)2 23 52 608<\/p>\n\n\n\n<p><strong>Library<\/strong>: <br>Marjeta Hren, professional colleague <br>marjeta.hren@mnom.si <br>+386 (0)2 23 52 605<\/p>\n\n\n\n<p><strong>Archive<\/strong>: <br>Dr. Irena Mavri\u010d \u017di\u017eek, archivist and curator <br>irena.mavric@mnom.si <br>+386 (0)2 23 52 604  <br> <br>Silva Volf, archivist <br>silva.volf@mnom.si <br>+386 (0)2 23 52 605<\/p>\n<\/div>\n\n\n\n<div class=\"wp-block-column\">\n<p><strong>Announcements of visits<\/strong>: <br>Silva Volf <br>+386 (40) 780 052  <br>silva.volf@mnom.si<\/p>\n\n\n\n<p><strong>Central<\/strong>: <br>+386 (0)2 23 52 600<\/p>\n\n\n\n<p><strong>Reception<\/strong>: <br>Enisa Huki\u0107, receptor <br>enisa.hukic@mnom.si<\/p>\n\n\n\n<p><strong>Technical department<\/strong>: <br>Zlatko Kresnik, janitor <br>zlatko.kresnik@mnom.si <br> <br>Petra Hojnik, cleaner <br>petra.hojnik@mnom.si<\/p>\n\n\n\n<p><strong>Photography museum Maribor<\/strong>: <br>Marjetka Bo\u017ei\u010dko, curator <br>marjetka.bozicko@mnom.si <br>fotograf@amis.net <br>+386 (2) 23 52 607<\/p>\n\n\n\n<p><strong>Trafika &#8211; Muzej za enega<\/strong>: <br>Jan Malec Svetel, curator <br>jan.malec@mnom.si <\/p>\n<\/div>\n<\/div>\n<\/div>","protected":false},"excerpt":{"rendered":"<div class=\"entry-summary\">\n<div class=\"entry-summary\">\nLorem ipsum &#8230; nekaj o zaposlenih\n<\/div>\n<div class=\"link-more-container\"><a href=\"https:\/\/mnom.si\/en\/employees\/\" class=\"link-more\" aria-label=\"Continue reading Employees\">Continue reading&hellip;<\/a><\/div>\n<\/div>\n<div class=\"link-more-container\"><a href=\"https:\/\/mnom.si\/en\/employees\/\" class=\"link-more\" aria-label=\"Continue reading Employees\">Continue reading&hellip;<\/a><\/div>\n","protected":false},"author":1,"featured_media":0,"parent":0,"menu_order":0,"comment_status":"closed","ping_status":"closed","template":"","meta":{"inline_featured_image":false,"footnotes":""},"categories":[],"tags":[],"class_list":["post-997","page","type-page","status-publish","hentry","entry","entry-type-page"],"aioseo_notices":[],"_links":{"self":[{"href":"https:\/\/mnom.si\/en\/wp-json\/wp\/v2\/pages\/997","targetHints":{"allow":["GET"]}}],"collection":[{"href":"https:\/\/mnom.si\/en\/wp-json\/wp\/v2\/pages"}],"about":[{"href":"https:\/\/mnom.si\/en\/wp-json\/wp\/v2\/types\/page"}],"author":[{"embeddable":true,"href":"https:\/\/mnom.si\/en\/wp-json\/wp\/v2\/users\/1"}],"replies":[{"embeddable":true,"href":"https:\/\/mnom.si\/en\/wp-json\/wp\/v2\/comments?post=997"}],"version-history":[{"count":8,"href":"https:\/\/mnom.si\/en\/wp-json\/wp\/v2\/pages\/997\/revisions"}],"predecessor-version":[{"id":3377,"href":"https:\/\/mnom.si\/en\/wp-json\/wp\/v2\/pages\/997\/revisions\/3377"}],"wp:attachment":[{"href":"https:\/\/mnom.si\/en\/wp-json\/wp\/v2\/media?parent=997"}],"wp:term":[{"taxonomy":"category","embeddable":true,"href":"https:\/\/mnom.si\/en\/wp-json\/wp\/v2\/categories?post=997"},{"taxonomy":"post_tag","embeddable":true,"href":"https:\/\/mnom.si\/en\/wp-json\/wp\/v2\/tags?post=997"}],"curies":[{"name":"wp","href":"https:\/\/api.w.org\/{rel}","templated":true}]}}