{"id":1217,"date":"2024-03-05T09:22:37","date_gmt":"2024-03-05T08:22:37","guid":{"rendered":"https:\/\/mnom.si\/\/entrance-fees\/"},"modified":"2024-09-03T10:33:15","modified_gmt":"2024-09-03T09:33:15","slug":"entrance-fees","status":"publish","type":"page","link":"https:\/\/mnom.si\/en\/entrance-fees\/","title":{"rendered":"Price list"},"content":{"rendered":"<div class=\"alignwide-wrap\" data-block=\"columns\">\n<div class=\"wp-block-columns alignwide\">\n<div class=\"wp-block-column\">\n<h2 class=\"wp-block-heading\">Price list (all prices are in euros)<\/h2>\n\n\n\n<div style=\"height:60px\" aria-hidden=\"true\" class=\"wp-block-spacer\"><\/div>\n<\/div>\n<\/div>\n<\/div>\n\n<div class=\"alignwide-wrap\" data-block=\"columns\">\n<div class=\"wp-block-columns alignwide\">\n<div class=\"wp-block-column\">\n<h3 class=\"wp-block-heading has-text-align-center\">ENTRY FEE FOR MUSEUM EXHIBITIONS<\/h3>\n\n\n\n<figure class=\"wp-block-table\"><table class=\"has-fixed-layout\"><tbody><tr><td>Pre-school, school-aged children, pupils, students<\/td><td>4,00<\/td><\/tr><tr><td>Adults<\/td><td>6,00<\/td><\/tr><tr><td>Guide in foreign language<\/td><td>25,00<\/td><\/tr><tr><td><strong>Free admission to exhibitions without guided tours or workshops:<\/strong> individuals with disabilities, <br>card holders of the Slovenian Museum Association, ICOM and PRESS<\/td><td>0,00<\/td><\/tr><\/tbody><\/table><\/figure>\n\n\n\n<div style=\"height:60px\" aria-hidden=\"true\" class=\"wp-block-spacer\"><\/div>\n\n\n\n<h3 class=\"wp-block-heading has-text-align-center\">PEDAGOGICAL PROGRAM<\/h3>\n<\/div>\n<\/div>\n<\/div>\n\n<div class=\"alignwide-wrap\" data-block=\"columns\">\n<div class=\"wp-block-columns alignwide\">\n<div class=\"wp-block-column\">\n<figure class=\"wp-block-table\"><table class=\"has-fixed-layout\"><tbody><tr><td>Creative Workshop at the Museum &#8211; Children and Youth<br><br>Creative Workshop at the Museum &#8211; Adults<\/td><td>4,50<br><br><br>8,00<\/td><\/tr><tr><td>Guided tour of the exhibition with an accompanying educational program<\/td><td>4,50<\/td><\/tr><tr><td>Guided Museum Tour and City Sights &#8211; Children and Youth<br><br>Guided Museum Tour and City Sights &#8211; Adults<\/td><td>6,00<br><br><br><br>8,50<\/td><\/tr><tr><td>Creative workshop at school, in kindergarten<\/td><td>5,50<\/td><\/tr><tr><td>Creative workshop for children (with parents)<\/td><td>8,00<\/td><\/tr><tr><td>Let&#8217;s spend the night at the museum &#8211; children<\/td><td>30,00<\/td><\/tr><tr><td>Let&#8217;s spend the night at the museum &#8211; adults<\/td><td>30,00<\/td><\/tr><tr><td>Subscription &#8211; kindergartens, I. and II. elementary school triad (includes six workshops in the museum)<\/td><td>18,00<\/td><\/tr><tr><td>Subscription &#8211; kindergartens, I. and II. elementary school triad (includes six workshops in the museum, one with parents)<\/td><td>20,00<\/td><\/tr><tr><td>Subscription &#8211; kindergartens, I. and II. elementary school triad (includes six workshops in the museum, three in the kindergarten\/school)<\/td><td>20,00<\/td><\/tr><tr><td>Subscription &#8211; kindergartens, I. and II. elementary school triad (includes six workshops in the museum, three in a kindergarten\/school, one with parents)<\/td><td>23,00<\/td><\/tr><tr><td>Subscription &#8211; III. triad of primary and secondary schools (3 workshops &#8211; lesson, creative workshop, quiz)<\/td><td>10,00<\/td><\/tr><tr><td>Birthday celebration in the museum (the program lasts 2 school hours). The price includes materials for the workshop, a gift &#8211; a hidden treasure, a snack. Valid for up to 10 children.<\/td><td>170,00<\/td><\/tr><tr><td>Birthday celebration in the museum &#8211; extra charge for each child over 10 present<\/td><td>15,00<\/td><\/tr><tr><td>Graduation excursion (Jur\u010dek train)<\/td><td>20,00<\/td><\/tr><tr><td>Graduation excursion (own transport)<\/td><td>15,00<\/td><\/tr><tr><td>Mini history (family package &#8211; up to 8 people, duration 3 hours &#8211; fun guided tour in the museum and around the city) &#8211; Slovenian language<\/td><td>50,00<\/td><\/tr><tr><td>Mini history (family package &#8211; up to 8 people, duration 3 hours &#8211; fun guided tour in the museum and around the city) &#8211; foreign language<\/td><td>70,00<\/td><\/tr><\/tbody><\/table><\/figure>\n\n\n\n<h3 class=\"wp-block-heading has-text-align-center\"><\/h3>\n\n\n\n<div style=\"height:60px\" aria-hidden=\"true\" class=\"wp-block-spacer\"><\/div>\n\n\n\n<h3 class=\"wp-block-heading has-text-align-center\">RENT OF PREMISES<\/h3>\n\n\n\n<figure class=\"wp-block-table\"><table class=\"has-fixed-layout\"><tbody><tr><td>Scherbaum salon rental (up to 3 hours) commercial rental<\/td><td>250,00<\/td><\/tr><tr><td>Rental of Scherbaum&#8217;s salon (up to 3 hours) non-commercial rental<\/td><td>150,00<\/td><\/tr><tr><td>Scherbaum salon rental &#8211; every subsequent hour<\/td><td>150,00<\/td><\/tr><tr><td>Garden rental for up to 3 hours<\/td><td>250,00<\/td><\/tr><tr><td>Garden rental for up to 3 hours &#8211; every subsequent hour<\/td><td>150,00<\/td><\/tr><tr><td>Rental of the premises of the Museum of Photography for 4 weeks<\/td><td>600,00<\/td><\/tr><tr><td>Rental of the premises of the Museum of Photography for up to 3 hours<\/td><td>200,00<\/td><\/tr><tr><td>Rental of the premises of the Museum of Photography &#8211; every subsequent hour<\/td><td>100,00<\/td><\/tr><tr><td>Rental of Scherbaum&#8217;s salon for 8 hours<\/td><td>800,00<\/td><\/tr><tr><td>Garden rental for 8 hours<\/td><td>800,00<\/td><\/tr><\/tbody><\/table><\/figure>\n\n\n\n<div style=\"height:60px\" aria-hidden=\"true\" class=\"wp-block-spacer\"><\/div>\n\n\n\n<h3 class=\"wp-block-heading has-text-align-center\">BROCHURES, CATALOGS, BOOKS<\/h3>\n\n\n\n<figure class=\"wp-block-table\"><table class=\"has-fixed-layout\"><tbody><tr><td>Uf, industrija!<\/td><td>10,00<\/td><\/tr><tr><td>Srce in mo\u017egani na\u0161e kulture-Podobe in prostori me\u0161\u010danstva na slovenskem \u0160tajerskem v obdobju med obema vojnama<\/td><td>5,00<\/td><\/tr><tr><td>Mesto in gospodarstvo<\/td><td>20,00<\/td><\/tr><tr><td>Gremo na Bor\u0161tnika<\/td><td>10,00<\/td><\/tr><tr><td>Muzej, to sem jaz! Svet igra\u010d<\/td><td>5,00<\/td><\/tr><tr><td>Jugoslovanski Manchester<\/td><td>5,00<\/td><\/tr><tr><td>Na desni ga, na levi ni &#8211; pred nami svetli cilj le\u017ei<\/td><td>7,00<\/td><\/tr><tr><td>In zasvetila je lu\u010d<\/td><td>8,00<\/td><\/tr><tr><td>Picture book &#8220;Scherbaumova opica&#8221;<\/td><td>16,00<\/td><\/tr><\/tbody><\/table><\/figure>\n\n\n\n<div style=\"height:60px\" aria-hidden=\"true\" class=\"wp-block-spacer\"><\/div>\n\n\n\n<h3 class=\"wp-block-heading has-text-align-center\">OTHER GOODS FOR SALE<\/h3>\n\n\n\n<figure class=\"wp-block-table\"><table class=\"has-fixed-layout\"><tbody><tr><td>Badges included<\/td><td>2,00<\/td><\/tr><tr><td>Badges individually<\/td><td>0,50<\/td><\/tr><tr><td>Clips<\/td><td>0,50<\/td><\/tr><tr><td>Postcards<\/td><td>0,50<\/td><\/tr><tr><td>A monkey<\/td><td>15,00<\/td><\/tr><tr><td>MNOM canvas bag<\/td><td>10,00<\/td><\/tr><tr><td>Pink monkey pendant<\/td><td>2,00<\/td><\/tr><tr><td>Pendant monkey yellow<\/td><td>2,00<\/td><\/tr><tr><td>Monkey pendant blue<\/td><td>2,00<\/td><\/tr><tr><td>Pendant Franziska<\/td><td>2,00<\/td><\/tr><tr><td>Pendant Karel<\/td><td>2,00<\/td><\/tr><tr><td>Pendant Trafika &#8211; white<\/td><td>10,00<\/td><\/tr><tr><td>Pendant Trafika &#8211; red<\/td><td>30,00<\/td><\/tr><tr><td>Turk<\/td><td>25,00<\/td><\/tr><tr><td>The book &#8220;Blodnik po Istri &#8220;<\/td><td>26,50<\/td><\/tr><tr><td>Dangling earrings &#8211; light bulb<\/td><td>40,00<\/td><\/tr><tr><td>Dangling earrings &#8211; bulb patina.<\/td><td>40,00<\/td><\/tr><tr><td>Earrings &#8211; light bulb<\/td><td>40,00<\/td><\/tr><tr><td>Light bulb pendant + chain<\/td><td>40,00<\/td><\/tr><tr><td>Plexiglas brooch bulb<\/td><td>12,00<\/td><\/tr><tr><td>Greeting card<\/td><td>1,20<\/td><\/tr><tr><td>Set of 10 cards<\/td><td>10,00<\/td><\/tr><tr><td>Protective mask &#8211; washable<\/td><td>10,00<\/td><\/tr><tr><td>Cup<\/td><td>12,00<\/td><\/tr><\/tbody><\/table><\/figure>\n\n\n\n<div style=\"height:60px\" aria-hidden=\"true\" class=\"wp-block-spacer\"><\/div>\n\n\n\n<h3 class=\"wp-block-heading has-text-align-center\">PRICE OF PHOTOCOPYING IN ME AND FORMULATION OF THE PRICE OF SCANNING AND RECORDING ON CD OR DVD<\/h3>\n\n\n\n<figure class=\"wp-block-table\"><table class=\"has-fixed-layout\"><tbody><tr><td>Photocopy (page)<\/td><td>0,30<\/td><\/tr><tr><td>Document scanning<\/td><td>4,00<\/td><\/tr><tr><td>Burn to CD or DVD or key (your own key)<\/td><td>15,00<\/td><\/tr><\/tbody><\/table><\/figure>\n\n\n\n<p class=\"has-text-align-left\">Prices effective from 21st. 2. 2024.<\/p>\n\n\n\n<p>Simona Tripkovi\u010d, director<\/p>\n<\/div>\n<\/div>\n<\/div>","protected":false},"excerpt":{"rendered":"<div class=\"entry-summary\">\n<div class=\"entry-summary\">\nPrice list (all prices are in euros) ENTRY FEE FOR MUSEUM EXHIBITIONS Pre-school, school-aged children, pupils, students 4,00 Adults 6,00 Guide in foreign language 25,00 Free admission to exhibitions without guided tours or workshops: individuals with disabilities, card holders of&hellip;\n<\/div>\n<div class=\"link-more-container\"><a href=\"https:\/\/mnom.si\/en\/entrance-fees\/\" class=\"link-more\" aria-label=\"Continue reading Price list\">Continue reading&hellip;<\/a><\/div>\n<\/div>\n<div class=\"link-more-container\"><a href=\"https:\/\/mnom.si\/en\/entrance-fees\/\" class=\"link-more\" aria-label=\"Continue reading Price list\">Continue reading&hellip;<\/a><\/div>\n","protected":false},"author":1,"featured_media":0,"parent":0,"menu_order":0,"comment_status":"closed","ping_status":"closed","template":"","meta":{"inline_featured_image":false,"footnotes":""},"categories":[],"tags":[],"class_list":["post-1217","page","type-page","status-publish","hentry","entry","entry-type-page"],"aioseo_notices":[],"_links":{"self":[{"href":"https:\/\/mnom.si\/en\/wp-json\/wp\/v2\/pages\/1217","targetHints":{"allow":["GET"]}}],"collection":[{"href":"https:\/\/mnom.si\/en\/wp-json\/wp\/v2\/pages"}],"about":[{"href":"https:\/\/mnom.si\/en\/wp-json\/wp\/v2\/types\/page"}],"author":[{"embeddable":true,"href":"https:\/\/mnom.si\/en\/wp-json\/wp\/v2\/users\/1"}],"replies":[{"embeddable":true,"href":"https:\/\/mnom.si\/en\/wp-json\/wp\/v2\/comments?post=1217"}],"version-history":[{"count":14,"href":"https:\/\/mnom.si\/en\/wp-json\/wp\/v2\/pages\/1217\/revisions"}],"predecessor-version":[{"id":2205,"href":"https:\/\/mnom.si\/en\/wp-json\/wp\/v2\/pages\/1217\/revisions\/2205"}],"wp:attachment":[{"href":"https:\/\/mnom.si\/en\/wp-json\/wp\/v2\/media?parent=1217"}],"wp:term":[{"taxonomy":"category","embeddable":true,"href":"https:\/\/mnom.si\/en\/wp-json\/wp\/v2\/categories?post=1217"},{"taxonomy":"post_tag","embeddable":true,"href":"https:\/\/mnom.si\/en\/wp-json\/wp\/v2\/tags?post=1217"}],"curies":[{"name":"wp","href":"https:\/\/api.w.org\/{rel}","templated":true}]}}