{"id":1003,"date":"2020-06-05T19:57:49","date_gmt":"2020-06-05T18:57:49","guid":{"rendered":"https:\/\/mnom.si\/\/about-museum\/"},"modified":"2024-06-20T10:13:36","modified_gmt":"2024-06-20T09:13:36","slug":"about-museum","status":"publish","type":"page","link":"https:\/\/mnom.si\/en\/about-museum\/","title":{"rendered":"About museum"},"content":{"rendered":"\n<div class=\"wp-block-cover alignfull has-parallax has-phi-screen-min-height\" style=\"padding-top:200px;padding-bottom:74px\"><span aria-hidden=\"true\" class=\"wp-block-cover__background has-palette-2-background-color has-background-dim-40 has-background-dim\"><\/span><div class=\"wp-block-cover__image-background wp-image-701 has-parallax\" style=\"background-position:50% 50%;background-image:url(https:\/\/mnom.si\/\/wp-content\/uploads\/2024\/02\/o-muzeju.jpg)\"><\/div><div class=\"wp-block-cover__inner-container is-layout-flow wp-block-cover-is-layout-flow\"><div class=\"alignwide-wrap\" data-block=\"columns\">\n<div class=\"wp-block-columns alignwide\">\n<div class=\"wp-block-column\" style=\"flex-basis:12%\">\n<figure class=\"wp-block-image size-large\"><img loading=\"lazy\" decoding=\"async\" width=\"202\" height=\"94\" src=\"https:\/\/mnom.si\/wp-content\/uploads\/\/Muzej-logo-na-vstopnem-bannerju.svg\" alt=\"\" class=\"wp-image-572\"\/><\/figure>\n<\/div>\n\n\n\n<div class=\"wp-block-column\" style=\"flex-basis:50%\">\n<h1 class=\"wp-block-heading has-palette-5-color has-text-color has-link-color wp-elements-21e2f666a097e7e8ed564b89b65d0a0e\">We are museum.<\/h1>\n\n\n\n<p class=\"has-extra-large-font-size\">It houses our stories and stories of our parents, grandparents, friends, colleagues and acquaintances. These are the stories of our city. If you want to get to know Maribor, take a look at our museum.<\/p>\n<\/div>\n\n\n\n<div class=\"wp-block-column\"><\/div>\n<\/div>\n<\/div><\/div><\/div>\n<div class=\"alignwide-wrap\" data-block=\"columns\">\n<div class=\"wp-block-columns alignwide are-vertically-aligned-bottom\">\n<div class=\"wp-block-column is-vertically-aligned-bottom\" style=\"flex-basis:50%\">\n<h2 class=\"wp-block-heading\">About museum<\/h2>\n\n\n\n<p class=\"has-drop-cap has-palette-1-color has-text-color has-large-font-size\"><strong>Museums perform the tasks of recoding, documenting, collecting, evaluating, interpreting and researching as well as presenting the items of movable cultural heritage to the public.<\/strong><\/p>\n\n\n\n<p>By means of its permanent as well as numerous temporary exhibitions, the Museum of National Liberation Maribor has been making an effort to bring the collected 20th and 21st century materials as close to the visitors as possible.<\/p>\n<\/div>\n\n\n\n<div class=\"wp-block-column is-vertically-aligned-bottom\" style=\"flex-basis:25%\"><\/div>\n\n\n\n<div class=\"wp-block-column is-vertically-aligned-bottom\" style=\"flex-basis:25%\">\n<figure class=\"wp-block-image size-medium\"><img loading=\"lazy\" decoding=\"async\" width=\"640\" height=\"853\" src=\"https:\/\/mnom.si\/wp-content\/uploads\/2024\/02\/o-muzeju-1-640x853.jpg\" alt=\"\" class=\"wp-image-703\" srcset=\"https:\/\/mnom.si\/wp-content\/uploads\/2024\/02\/o-muzeju-1-640x853.jpg 640w, https:\/\/mnom.si\/wp-content\/uploads\/2024\/02\/o-muzeju-1.jpg 720w\" sizes=\"auto, (max-width: 640px) 100vw, 640px\" \/><\/figure>\n<\/div>\n<\/div>\n<\/div>\n<div class=\"wp-block-columns\">\n<div class=\"wp-block-column\"><\/div>\n<\/div>\n\n<div style=\"height:100px\" aria-hidden=\"true\" class=\"wp-block-spacer\"><\/div>\n\n<div class=\"wp-block-group alignfull has-palette-5-color has-accent-background-color has-text-color has-background\" style=\"padding-top:100px;padding-bottom:74px\"><div class=\"wp-block-group__inner-container is-layout-flow wp-block-group-is-layout-flow\"><div class=\"alignwide-wrap\" data-block=\"columns\">\n<div class=\"wp-block-columns alignwide\">\n<div class=\"wp-block-column has-item-style\">\n<h3 class=\"wp-block-heading has-palette-5-color has-text-color\">Photograph library<\/h3>\n\n\n\n<p class=\"has-palette-5-color has-text-color\">Photographs, negatives, video and audio material.<\/p>\n<\/div>\n\n\n\n<div class=\"wp-block-column has-item-style\">\n<h3 class=\"wp-block-heading has-palette-5-color has-text-color\">First museum educator<\/h3>\n\n\n\n<p class=\"has-palette-5-color has-text-color\">The museum pedagogic service was introduced in MNOM.<\/p>\n<\/div>\n\n\n\n<div class=\"wp-block-column has-item-style\">\n<h3 class=\"wp-block-heading has-palette-5-color has-text-color\">1100 cameras<\/h3>\n\n\n\n<p class=\"has-palette-5-color has-text-color\">and 600 pieces of equipment.<\/p>\n<\/div>\n\n\n\n<div class=\"wp-block-column has-item-style\">\n<h3 class=\"wp-block-heading has-palette-5-color has-text-color\">Trafika &#8211; luck in love<\/h3>\n\n\n\n<p class=\"has-palette-5-color has-text-color\">They say that visiting Trafika brings luck in love.<\/p>\n<\/div>\n<\/div>\n<\/div><\/div><\/div>\n<div class=\"alignwide-wrap\" data-block=\"gallery\">\n<figure class=\"wp-block-gallery alignwide has-nested-images columns-4 is-cropped wp-block-gallery-1 is-layout-flex wp-block-gallery-is-layout-flex\">\n<figure class=\"wp-block-image size-full\"><img loading=\"lazy\" decoding=\"async\" width=\"720\" height=\"960\" data-id=\"715\" src=\"https:\/\/mnom.si\/wp-content\/uploads\/2024\/02\/o-muzeju-5.jpg\" alt=\"\" class=\"wp-image-715\" srcset=\"https:\/\/mnom.si\/wp-content\/uploads\/2024\/02\/o-muzeju-5.jpg 720w, https:\/\/mnom.si\/wp-content\/uploads\/2024\/02\/o-muzeju-5-640x853.jpg 640w\" sizes=\"auto, (max-width: 720px) 100vw, 720px\" \/><\/figure>\n\n\n\n<figure class=\"wp-block-image size-full\"><img loading=\"lazy\" decoding=\"async\" width=\"720\" height=\"960\" data-id=\"709\" src=\"https:\/\/mnom.si\/wp-content\/uploads\/2024\/02\/o-muzeju-3.jpg\" alt=\"\" class=\"wp-image-709\" srcset=\"https:\/\/mnom.si\/wp-content\/uploads\/2024\/02\/o-muzeju-3.jpg 720w, https:\/\/mnom.si\/wp-content\/uploads\/2024\/02\/o-muzeju-3-640x853.jpg 640w\" sizes=\"auto, (max-width: 720px) 100vw, 720px\" \/><\/figure>\n\n\n\n<figure class=\"wp-block-image size-full\"><img loading=\"lazy\" decoding=\"async\" width=\"720\" height=\"960\" data-id=\"716\" src=\"https:\/\/mnom.si\/wp-content\/uploads\/2024\/02\/o-muzeju-6.jpg\" alt=\"\" class=\"wp-image-716\" srcset=\"https:\/\/mnom.si\/wp-content\/uploads\/2024\/02\/o-muzeju-6.jpg 720w, https:\/\/mnom.si\/wp-content\/uploads\/2024\/02\/o-muzeju-6-640x853.jpg 640w\" sizes=\"auto, (max-width: 720px) 100vw, 720px\" \/><\/figure>\n\n\n\n<figure class=\"wp-block-image size-full\"><img loading=\"lazy\" decoding=\"async\" width=\"720\" height=\"960\" data-id=\"710\" src=\"https:\/\/mnom.si\/wp-content\/uploads\/2024\/02\/Stara_Trafika_Unuk.jpg\" alt=\"\" class=\"wp-image-710\" srcset=\"https:\/\/mnom.si\/wp-content\/uploads\/2024\/02\/Stara_Trafika_Unuk.jpg 720w, https:\/\/mnom.si\/wp-content\/uploads\/2024\/02\/Stara_Trafika_Unuk-640x853.jpg 640w\" sizes=\"auto, (max-width: 720px) 100vw, 720px\" \/><\/figure>\n<\/figure>\n<\/div>\n<div style=\"height:75px\" aria-hidden=\"true\" class=\"wp-block-spacer\"><\/div>\n<div class=\"alignwide-wrap\" data-block=\"columns\">\n<div class=\"wp-block-columns alignwide\">\n<div class=\"wp-block-column\" style=\"flex-basis:25%\">\n<h2 class=\"wp-block-heading h3\">Rich museum collections<\/h2>\n<\/div>\n\n\n\n<div class=\"wp-block-column\" style=\"flex-basis:25%\">\n<p>Today the Museum boasts interesting and extensive collections, and a particularly extensive photograph library containing many documentary photographs and negatives as well as much video and audio material. <\/p>\n<\/div>\n\n\n\n<div class=\"wp-block-column\" style=\"flex-basis:25%\">\n<h2 class=\"wp-block-heading h3\">More than 120 running metres of materials<\/h2>\n<\/div>\n\n\n\n<div class=\"wp-block-column\" style=\"flex-basis:25%\">\n<p>A special feature of the museum is its archive keeping more than 120 running metres of World War II materials.<\/p>\n<\/div>\n<\/div>\n<\/div>\n<div style=\"height:100px\" aria-hidden=\"true\" class=\"wp-block-spacer\"><\/div>\n\n<p>Museum of National Liberation Maribor was the first one in Slovenia to have introduced the position of museum educator. Working with visitors, museum education team is a pillar of museum activity. A range of programmes is available for young visitors \u2013 traditional exhibition tours, creative workshops, a night at the museum, matura exam preparations and lessons. Our extensive pedagogical and andragogical programmes have been drawing growing numbers of visitors to the museum. <\/p>\n\n<p>In the museum visitors can explore the permanent exhibition to learn about the 20th century Maribor history. They can also visit the industrial Maribor, the period of fighting for the northern Slovenian border, they can learn about General Rudolf Meister, admire Maribor&#8217;s flowering in the period between World Wars I and II, and sympathise with the fate of Maribor inhabitants during World War II. <\/p>\n\n<p>Apart from the permanent exhibition, visitors can choose from numerous temporary exhibitions, which are often developed in co-operation with similar institutions in Slovenia and abroad. <\/p>\n\n<div style=\"height:75px\" aria-hidden=\"true\" class=\"wp-block-spacer\"><\/div>\n<div class=\"alignwide-wrap\" data-block=\"gallery\">\n<figure class=\"wp-block-gallery alignwide has-nested-images columns-4 is-cropped wp-block-gallery-2 is-layout-flex wp-block-gallery-is-layout-flex\">\n<figure class=\"wp-block-image size-full\"><img loading=\"lazy\" decoding=\"async\" width=\"720\" height=\"920\" data-id=\"720\" src=\"https:\/\/mnom.si\/wp-content\/uploads\/2024\/02\/o-muzeju-8.jpg\" alt=\"\" class=\"wp-image-720\" srcset=\"https:\/\/mnom.si\/wp-content\/uploads\/2024\/02\/o-muzeju-8.jpg 720w, https:\/\/mnom.si\/wp-content\/uploads\/2024\/02\/o-muzeju-8-640x818.jpg 640w\" sizes=\"auto, (max-width: 720px) 100vw, 720px\" \/><\/figure>\n\n\n\n<figure class=\"wp-block-image size-full\"><img loading=\"lazy\" decoding=\"async\" width=\"720\" height=\"960\" data-id=\"719\" src=\"https:\/\/mnom.si\/wp-content\/uploads\/2024\/02\/o-muzeju-7.jpg\" alt=\"\" class=\"wp-image-719\" srcset=\"https:\/\/mnom.si\/wp-content\/uploads\/2024\/02\/o-muzeju-7.jpg 720w, https:\/\/mnom.si\/wp-content\/uploads\/2024\/02\/o-muzeju-7-640x853.jpg 640w\" sizes=\"auto, (max-width: 720px) 100vw, 720px\" \/><\/figure>\n\n\n\n<figure class=\"wp-block-image size-full\"><img loading=\"lazy\" decoding=\"async\" width=\"720\" height=\"960\" data-id=\"721\" src=\"https:\/\/mnom.si\/wp-content\/uploads\/2024\/02\/o-muzeju-10.jpg\" alt=\"\" class=\"wp-image-721\" srcset=\"https:\/\/mnom.si\/wp-content\/uploads\/2024\/02\/o-muzeju-10.jpg 720w, https:\/\/mnom.si\/wp-content\/uploads\/2024\/02\/o-muzeju-10-640x853.jpg 640w\" sizes=\"auto, (max-width: 720px) 100vw, 720px\" \/><\/figure>\n\n\n\n<figure class=\"wp-block-image size-full\"><img loading=\"lazy\" decoding=\"async\" width=\"720\" height=\"960\" data-id=\"722\" src=\"https:\/\/mnom.si\/wp-content\/uploads\/2024\/02\/o-muzeju-9.jpg\" alt=\"\" class=\"wp-image-722\" srcset=\"https:\/\/mnom.si\/wp-content\/uploads\/2024\/02\/o-muzeju-9.jpg 720w, https:\/\/mnom.si\/wp-content\/uploads\/2024\/02\/o-muzeju-9-640x853.jpg 640w\" sizes=\"auto, (max-width: 720px) 100vw, 720px\" \/><\/figure>\n<\/figure>\n<\/div>\n<div style=\"height:75px\" aria-hidden=\"true\" class=\"wp-block-spacer\"><\/div>\n\n<p>In addition to the main museum we also keep the Maribor Photography Museum at Koro\u0161ka cesta 19. In the late 1980s, private collectors Maria in Avgust Bohanec donated a collection of 1100 cameras and 600 pieces of equipment to the city of Maribor. In the museum, their collection is being supplemented with cameras of Slovenian photographers. On display in the museum are a part of the Bohanec collection and a review of the history of photography, and there is also a gallery hosting Slovenian and foreign gems of photography.<\/p>\n\n<p>The latest acquisition of our museum is Trafika &#8211; Museum for One. The Trafika by the Main Bridge represents an important part of the history of Maribor, and Drago Jan\u010dar also wrote about it in his novel. Danes je Trafika, ki je bila re\u0161ena pred prodajo zahvaljujo\u010d Zori A. Juri\u010d in navezavi lokalnega prebivalstva, obnovil pa jo je Marko Novak, muzej, v katerem spoznate zgodovino mesta ob Dravi, trafik in njihovega pomena v preteklosti, navad lokalnega prebivalstva, poklepetate pa lahko tudi s trafikantom Janom. They say that visiting Trafika brings luck in love.<\/p>\n","protected":false},"excerpt":{"rendered":"<div class=\"entry-summary\">\n<div class=\"entry-summary\">\nAbout museum Museums perform the tasks of recoding, documenting, collecting, evaluating, interpreting and researching as well as presenting the items of movable cultural heritage to the public. By means of its permanent as well as numerous temporary exhibitions, the Museum&hellip;\n<\/div>\n<div class=\"link-more-container\"><a href=\"https:\/\/mnom.si\/en\/about-museum\/\" class=\"link-more\" aria-label=\"Continue reading About museum\">Continue reading&hellip;<\/a><\/div>\n<\/div>\n<div class=\"link-more-container\"><a href=\"https:\/\/mnom.si\/en\/about-museum\/\" class=\"link-more\" aria-label=\"Continue reading About museum\">Continue reading&hellip;<\/a><\/div>\n","protected":false},"author":1,"featured_media":0,"parent":0,"menu_order":0,"comment_status":"closed","ping_status":"closed","template":"templates\/no-intro.php","meta":{"inline_featured_image":false,"footnotes":""},"categories":[],"tags":[],"class_list":["post-1003","page","type-page","status-publish","hentry","entry","entry-type-page"],"aioseo_notices":[],"_links":{"self":[{"href":"https:\/\/mnom.si\/en\/wp-json\/wp\/v2\/pages\/1003","targetHints":{"allow":["GET"]}}],"collection":[{"href":"https:\/\/mnom.si\/en\/wp-json\/wp\/v2\/pages"}],"about":[{"href":"https:\/\/mnom.si\/en\/wp-json\/wp\/v2\/types\/page"}],"author":[{"embeddable":true,"href":"https:\/\/mnom.si\/en\/wp-json\/wp\/v2\/users\/1"}],"replies":[{"embeddable":true,"href":"https:\/\/mnom.si\/en\/wp-json\/wp\/v2\/comments?post=1003"}],"version-history":[{"count":6,"href":"https:\/\/mnom.si\/en\/wp-json\/wp\/v2\/pages\/1003\/revisions"}],"predecessor-version":[{"id":2086,"href":"https:\/\/mnom.si\/en\/wp-json\/wp\/v2\/pages\/1003\/revisions\/2086"}],"wp:attachment":[{"href":"https:\/\/mnom.si\/en\/wp-json\/wp\/v2\/media?parent=1003"}],"wp:term":[{"taxonomy":"category","embeddable":true,"href":"https:\/\/mnom.si\/en\/wp-json\/wp\/v2\/categories?post=1003"},{"taxonomy":"post_tag","embeddable":true,"href":"https:\/\/mnom.si\/en\/wp-json\/wp\/v2\/tags?post=1003"}],"curies":[{"name":"wp","href":"https:\/\/api.w.org\/{rel}","templated":true}]}}